{"id":3962,"date":"2021-05-19T04:36:10","date_gmt":"2021-05-19T04:36:10","guid":{"rendered":"http:\/\/localhost\/salion\/?page_id=3962"},"modified":"2024-12-27T13:52:21","modified_gmt":"2024-12-27T12:52:21","slug":"contact","status":"publish","type":"page","link":"https:\/\/barber.lesitesweb.ch\/fr\/contact\/","title":{"rendered":"Contact"},"content":{"rendered":"\t\t<div data-elementor-type=\"wp-page\" data-elementor-id=\"3962\" class=\"elementor elementor-3962\">\n\t\t\t\t\t\t<section class=\"elementor-section elementor-top-section elementor-element elementor-element-3c491dc elementor-section-boxed elementor-section-height-default elementor-section-height-default\" data-id=\"3c491dc\" data-element_type=\"section\">\n\t\t\t\t\t\t<div class=\"elementor-container elementor-column-gap-default\">\n\t\t\t\t\t<div class=\"elementor-column elementor-col-50 elementor-top-column elementor-element elementor-element-4bdd11a contact-box-layout3 style2\" data-id=\"4bdd11a\" data-element_type=\"column\" data-settings=\"{&quot;background_background&quot;:&quot;classic&quot;}\">\n\t\t\t<div class=\"elementor-widget-wrap elementor-element-populated\">\n\t\t\t\t\t\t<div class=\"elementor-element elementor-element-46c5054 elementor-absolute elementor-invisible elementor-widget elementor-widget-image\" data-id=\"46c5054\" data-element_type=\"widget\" data-settings=\"{&quot;_animation&quot;:&quot;slideInUp&quot;,&quot;_position&quot;:&quot;absolute&quot;}\" data-widget_type=\"image.default\">\n\t\t\t\t<div class=\"elementor-widget-container\">\n\t\t\t\t\t\t\t\t\t\t\t\t\t<img fetchpriority=\"high\" decoding=\"async\" width=\"306\" height=\"332\" src=\"https:\/\/barber.lesitesweb.ch\/wp-content\/uploads\/2021\/03\/element6.png\" class=\"attachment-full size-full wp-image-2067\" alt=\"\" srcset=\"https:\/\/barber.lesitesweb.ch\/wp-content\/uploads\/2021\/03\/element6.png 306w, https:\/\/barber.lesitesweb.ch\/wp-content\/uploads\/2021\/03\/element6-277x300.png 277w, https:\/\/barber.lesitesweb.ch\/wp-content\/uploads\/2021\/03\/element6-145x157.png 145w\" sizes=\"(max-width: 306px) 100vw, 306px\" \/>\t\t\t\t\t\t\t\t\t\t\t\t\t<\/div>\n\t\t\t\t<\/div>\n\t\t\t\t<div class=\"elementor-element elementor-element-f5cde8a elementor-widget elementor-widget-rt-title\" data-id=\"f5cde8a\" data-element_type=\"widget\" data-widget_type=\"rt-title.default\">\n\t\t\t\t<div class=\"elementor-widget-container\">\n\t\t\t\n<div class=\"section-heading heading-layout4\">\n\t<div class=\"heading content\">\n\t\t\t\t<h2 class=\"heading-title\">Contacts Us<\/h2>\n\t\t\t\t<p class=\"heading-description\">Nous savons \u00e0 quel point il est important de trouver un moment pour prendre soin de vous. C\u2019est pourquoi notre barber shop \u00e0 B\u00e2le vous accueille \u00e0 des horaires flexibles, adapt\u00e9s \u00e0 votre emploi du temps. Que ce soit pour une coupe rapide entre deux rendez-vous ou pour un soin complet le week-end, nous sommes l\u00e0 pour r\u00e9pondre \u00e0 vos besoins.<\/p>\n\t\t\t<\/div>\n<\/div>\t\t<\/div>\n\t\t\t\t<\/div>\n\t\t\t\t<div class=\"elementor-element elementor-element-bbe49c0 elementor-widget elementor-widget-rt-contact-box\" data-id=\"bbe49c0\" data-element_type=\"widget\" data-widget_type=\"rt-contact-box.default\">\n\t\t\t\t<div class=\"elementor-widget-container\">\n\t\t\t<ul class=\"address-info\">\n        <li><h3 class=\"address-title addr-title\">Adresse<\/h3>\n        <div class=\"address-description addr-desc\">Z\u00fcrichstraase 135 <br>\n\u00e0 4052 B\u00e2le en Suisse\n<\/div>\n    <\/li>\n        <li>\n        <h3 class=\"address-title hours-title\">Hours<\/h3>\n                <div class=\"address-description hour-desc\">Lundi - Vendredi : 08h30 - 19h00<\/div>\n                <div class=\"address-description hour-desc\">Samedi  : 08h30 - 18h00<\/div>\n            <\/li>\n        <li>\n        <h3 class=\"address-title contact-title\">Contacts<\/h3>\n                <div class=\"address-description contact-desc\"><strong>+41 61 229 81 24 <\/strong><\/div>\n                <div class=\"address-description contact-desc\"><strong>contact@Lordbarbershop.com<\/strong><\/div>\n            <\/li>\n                                           \n<\/ul>\n\t\t<\/div>\n\t\t\t\t<\/div>\n\t\t\t\t\t<\/div>\n\t\t<\/div>\n\t\t\t\t<div class=\"elementor-column elementor-col-50 elementor-top-column elementor-element elementor-element-e848ff3 contact-box-layout3 style2 contact-box-layout1\" data-id=\"e848ff3\" data-element_type=\"column\">\n\t\t\t<div class=\"elementor-widget-wrap elementor-element-populated\">\n\t\t\t\t\t\t<div class=\"elementor-element elementor-element-04c5b56 elementor-absolute elementor-invisible elementor-widget elementor-widget-image\" data-id=\"04c5b56\" data-element_type=\"widget\" data-settings=\"{&quot;_animation&quot;:&quot;slideInUp&quot;,&quot;_position&quot;:&quot;absolute&quot;}\" data-widget_type=\"image.default\">\n\t\t\t\t<div class=\"elementor-widget-container\">\n\t\t\t\t\t\t\t\t\t\t\t\t\t<img decoding=\"async\" width=\"309\" height=\"326\" src=\"https:\/\/barber.lesitesweb.ch\/wp-content\/uploads\/2021\/03\/element7.png\" class=\"attachment-full size-full wp-image-2127\" alt=\"\" srcset=\"https:\/\/barber.lesitesweb.ch\/wp-content\/uploads\/2021\/03\/element7.png 309w, https:\/\/barber.lesitesweb.ch\/wp-content\/uploads\/2021\/03\/element7-284x300.png 284w, https:\/\/barber.lesitesweb.ch\/wp-content\/uploads\/2021\/03\/element7-149x157.png 149w\" sizes=\"(max-width: 309px) 100vw, 309px\" \/>\t\t\t\t\t\t\t\t\t\t\t\t\t<\/div>\n\t\t\t\t<\/div>\n\t\t\t\t<div class=\"elementor-element elementor-element-9eca5fd elementor-widget elementor-widget-rt-title\" data-id=\"9eca5fd\" data-element_type=\"widget\" data-widget_type=\"rt-title.default\">\n\t\t\t\t<div class=\"elementor-widget-container\">\n\t\t\t\n<div class=\"section-heading heading-layout4\">\n\t<div class=\"heading content\">\n\t\t\t\t<h2 class=\"heading-title\">Contactez nous<\/h2>\n\t\t\t\t<p class=\"heading-description\">Prenez rendez-vous en ligne ou passez nous voir directement. Nous sommes impatients de vous accueillir et de vous offrir une exp\u00e9rience de grooming unique !<\/p>\n\t\t\t<\/div>\n<\/div>\t\t<\/div>\n\t\t\t\t<\/div>\n\t\t\t\t<div class=\"elementor-element elementor-element-1eca9a7 contact-form-box elementor-widget elementor-widget-shortcode\" data-id=\"1eca9a7\" data-element_type=\"widget\" data-widget_type=\"shortcode.default\">\n\t\t\t\t<div class=\"elementor-widget-container\">\n\t\t\t\t\t<div class=\"elementor-shortcode\"><div class='fluentform ff-default fluentform_wrapper_1 ffs_default_wrap'><form data-form_id=\"1\" id=\"fluentform_1\" class=\"frm-fluent-form fluent_form_1 ff-el-form-top ff_form_instance_1_1 ff-form-loading ffs_default\" data-form_instance=\"ff_form_instance_1_1\" method=\"POST\" ><fieldset  style=\"border: none!important;margin: 0!important;padding: 0!important;background-color: transparent!important;box-shadow: none!important;outline: none!important; min-inline-size: 100%;\">\n                    <legend class=\"ff_screen_reader_title\" style=\"display: block; margin: 0!important;padding: 0!important;height: 0!important;text-indent: -999999px;width: 0!important;overflow:hidden;\">Contact Form<\/legend><input type='hidden' name='__fluent_form_embded_post_id' value='3962' \/><input type=\"hidden\" id=\"_fluentform_1_fluentformnonce\" name=\"_fluentform_1_fluentformnonce\" value=\"733c19c9c7\" \/><input type=\"hidden\" name=\"_wp_http_referer\" value=\"\/fr\/wp-json\/wp\/v2\/pages\/3962\" \/><div data-name=\"ff_cn_id_1\"  class='ff-t-container ff-column-container ff_columns_total_2  '><div class='ff-t-cell ff-t-column-1' style='flex-basis: 50%;'><div class='ff-el-group form-group'><div class='ff-el-input--content'><input type=\"text\" name=\"name\" class=\"ff-el-form-control form-control\" placeholder=\"Name\" data-name=\"name\" id=\"ff_1_name\"  aria-invalid=\"false\" aria-required=true><\/div><\/div><\/div><div class='ff-t-cell ff-t-column-2' style='flex-basis: 50%;'><div class='ff-el-group form-group'><div class='ff-el-input--content'><input type=\"email\" name=\"email\" id=\"ff_1_email\" class=\"ff-el-form-control form-control\" placeholder=\"E-mail\" data-name=\"email\"  aria-invalid=\"false\" aria-required=true><\/div><\/div><\/div><\/div><div data-name=\"ff_cn_id_2\"  class='ff-t-container ff-column-container ff_columns_total_1  '><div class='ff-t-cell ff-t-column-1' style='flex-basis: 100%;'><div class='ff-el-group form-group'><div class='ff-el-input--content'><input type=\"text\" name=\"subject\" class=\"ff-el-form-control form-control\" placeholder=\"Subject\" data-name=\"subject\" id=\"ff_1_subject\"  aria-invalid=\"false\" aria-required=true><\/div><\/div><\/div><\/div><div data-name=\"ff_cn_id_3\"  class='ff-t-container ff-column-container ff_columns_total_1  '><div class='ff-t-cell ff-t-column-1' style='flex-basis: 100%;'><div class='ff-el-group form-group'><div class='ff-el-input--content'><textarea aria-invalid=\"false\" aria-required=true name=\"message\" id=\"ff_1_message\" class=\"ff-el-form-control form-control\" placeholder=\"Comment\" rows=\"4\" cols=\"20\" data-name=\"message\" ><\/textarea><\/div><\/div><\/div><\/div><div class='ff-el-group ff-text-left form-group ff_submit_btn_wrapper'><button type=\"submit\" class=\"ff-btn ff-btn-submit ff-btn-lg btn-fill style-1 ff_btn_style wpf_has_custom_css\" >Send Message<\/button><\/div><\/fieldset><\/form><div id='fluentform_1_errors' class='ff-errors-in-stack ff_form_instance_1_1 ff-form-loading_errors ff_form_instance_1_1_errors'><\/div><\/div>        <script type=\"text\/javascript\">\n            window.fluent_form_ff_form_instance_1_1 = {\"id\":\"1\",\"settings\":{\"layout\":{\"labelPlacement\":\"top\",\"helpMessagePlacement\":\"with_label\",\"errorMessagePlacement\":\"inline\",\"asteriskPlacement\":\"asterisk-right\"},\"restrictions\":{\"denyEmptySubmission\":{\"enabled\":false}}},\"form_instance\":\"ff_form_instance_1_1\",\"form_id_selector\":\"fluentform_1\",\"rules\":{\"name\":{\"required\":{\"value\":true,\"message\":\"This field is required\"}},\"email\":{\"required\":{\"value\":true,\"message\":\"This field is required\"},\"email\":{\"value\":true,\"message\":\"This field must contain a valid email\"}},\"subject\":{\"required\":{\"value\":true,\"message\":\"This field is required\"}},\"message\":{\"required\":{\"value\":true,\"message\":\"This field is required\"}}}};\n                    <\/script>\n        <\/div>\n\t\t\t\t<\/div>\n\t\t\t\t<\/div>\n\t\t\t\t\t<\/div>\n\t\t<\/div>\n\t\t\t\t\t<\/div>\n\t\t<\/section>\n\t\t\t\t<\/div>\n\t\t","protected":false},"excerpt":{"rendered":"<p>Contacts Us Nous savons \u00e0 quel point il est important de trouver un moment pour prendre soin de vous. C\u2019est pourquoi notre barber shop \u00e0 B\u00e2le vous accueille \u00e0 des horaires flexibles, adapt\u00e9s \u00e0 votre emploi du temps. Que ce soit pour une coupe rapide entre deux rendez-vous ou pour un soin complet le week-end,&#8230;<\/p>\n","protected":false},"author":1,"featured_media":0,"parent":0,"menu_order":0,"comment_status":"closed","ping_status":"closed","template":"templates\/blank.php","meta":{"footnotes":""},"class_list":["post-3962","page","type-page","status-publish","hentry"],"_links":{"self":[{"href":"https:\/\/barber.lesitesweb.ch\/fr\/wp-json\/wp\/v2\/pages\/3962","targetHints":{"allow":["GET"]}}],"collection":[{"href":"https:\/\/barber.lesitesweb.ch\/fr\/wp-json\/wp\/v2\/pages"}],"about":[{"href":"https:\/\/barber.lesitesweb.ch\/fr\/wp-json\/wp\/v2\/types\/page"}],"author":[{"embeddable":true,"href":"https:\/\/barber.lesitesweb.ch\/fr\/wp-json\/wp\/v2\/users\/1"}],"replies":[{"embeddable":true,"href":"https:\/\/barber.lesitesweb.ch\/fr\/wp-json\/wp\/v2\/comments?post=3962"}],"version-history":[{"count":12,"href":"https:\/\/barber.lesitesweb.ch\/fr\/wp-json\/wp\/v2\/pages\/3962\/revisions"}],"predecessor-version":[{"id":5467,"href":"https:\/\/barber.lesitesweb.ch\/fr\/wp-json\/wp\/v2\/pages\/3962\/revisions\/5467"}],"wp:attachment":[{"href":"https:\/\/barber.lesitesweb.ch\/fr\/wp-json\/wp\/v2\/media?parent=3962"}],"curies":[{"name":"wp","href":"https:\/\/api.w.org\/{rel}","templated":true}]}}